{"id":3782,"date":"2022-08-12T06:20:11","date_gmt":"2022-08-12T06:20:11","guid":{"rendered":"https:\/\/rainbowit.net\/themes\/inbio\/?page_id=3782"},"modified":"2025-03-31T23:14:08","modified_gmt":"2025-04-01T02:14:08","slug":"blog-grid","status":"publish","type":"page","link":"https:\/\/neoair.com.br\/?page_id=3782","title":{"rendered":"Blog Grid"},"content":{"rendered":"\t\t<div data-elementor-type=\"wp-page\" data-elementor-id=\"3782\" class=\"elementor elementor-3782\">\n\t\t\t\t\t\t<section class=\"elementor-section elementor-top-section elementor-element elementor-element-d10985c elementor-section-boxed elementor-section-height-default elementor-section-height-default\" data-id=\"d10985c\" data-element_type=\"section\">\n\t\t\t\t\t\t<div class=\"elementor-container elementor-column-gap-default\">\n\t\t\t\t\t<div class=\"elementor-column elementor-col-100 elementor-top-column elementor-element elementor-element-899eaaa\" data-id=\"899eaaa\" data-element_type=\"column\">\n\t\t\t<div class=\"elementor-widget-wrap elementor-element-populated\">\n\t\t\t\t\t\t<div class=\"elementor-element elementor-element-5fedff5 elementor-widget elementor-widget-rainbow-post-grid\" data-id=\"5fedff5\" data-element_type=\"widget\" data-widget_type=\"rainbow-post-grid.default\">\n\t\t\t\t<div class=\"elementor-widget-container\">\n\t\t\t\t\t\r\n<div class=\"rn-blog-area rt-departments\">\r\n        <div class=\"row row--25\">\r\n        \r\n        <div data-aos=\"fade-up\" data-aos-duration=\"500\" data-aos-delay=\"400\" data-aos-once=\"true\"\r\n             class=\"rtin-item aos-init aos-animate col-lg-4 col-md-6 col-sm-6 col-12\">\r\n                        <div class=\"rn-blog post-card-only-popup\">\r\n                                    <div class=\"inner\">\r\n                                                    <div class=\"thumbnail\">\r\n                                                                    <a class=\"thumb-only-popup\" href=\"https:\/\/neoair.com.br\/?p=5499\"  data-toggle=\"modal\" data-target=\"#exampleModalCenters-1775478831111\">\r\n                                        <img fetchpriority=\"high\" decoding=\"async\" width=\"340\" height=\"250\" src=\"https:\/\/neoair.com.br\/wp-content\/uploads\/2025\/04\/como-economizar-energia-ar-condicionado-scaled-1-340x250.jpg\" class=\"attachment-rainbow-thumbnail-sm size-rainbow-thumbnail-sm wp-post-image\" alt=\"\" \/>                                    <\/a>\r\n                                                            <\/div>\r\n                        \r\n                        <div class=\"content\">\r\n                                                            <div class=\"category-info\">\r\n                                                                             \r\n                                            <div class=\"category-list\">\r\n                                                                    <a href=\"https:\/\/neoair.com.br\/?cat=66\">Dicas<\/a>\r\n                                                                                    <\/div>\r\n                                          \r\n                                                                                                                <div class=\"meta\">\r\n                                            <span><i class=\"feather-clock\"><\/i> 1 min read<\/span>\r\n                                        <\/div>\r\n                                                                    <\/div>\r\n                                                        <h4 class=\"title\">\r\n                                                                    <a class=\"title-only-popup\" href=\"https:\/\/neoair.com.br\/?p=5499\"  data-toggle=\"modal\" data-target=\"#exampleModalCenters-1775478831111\">Como economizar energia usando o ar-condicionado do jeito certo <i class=\"feather-arrow-up-right\"><\/i><\/a>\r\n                                                            <\/h4>\r\n                            \r\n                        <\/div>\r\n\r\n                    <\/div>\r\n                <\/div>\r\n            <\/div>\r\n\r\n\r\n\r\n\r\n            <!-- Modal Blog Body area Start -->\r\n            <div class=\"modal fade\" id=\"exampleModalCenters-1775478831111\" tabindex=\"-1\" role=\"dialog\"\r\n                 aria-hidden=\"true\">\r\n                <div class=\"modal-dialog modal-dialog-centered modal-news\" role=\"document\">\r\n                    <div class=\"modal-content\">\r\n                        <div class=\"modal-header\">\r\n                            <button type=\"button\" class=\"close\" data-dismiss=\"modal\" aria-label=\"Close\">\r\n                                <span aria-hidden=\"true\"> <i class=\"feather-x\"><\/i><\/span>\r\n                            <\/button>\r\n                        <\/div>\r\n                        <div class=\"modal-body\">\r\n                                                            <div class=\"post-thumbnail img-fluid modal-feat-im mb--30\">\r\n                                    <img decoding=\"async\" width=\"800\" height=\"450\" src=\"https:\/\/neoair.com.br\/wp-content\/uploads\/2025\/04\/como-economizar-energia-ar-condicionado-scaled-1-800x450.jpg\" class=\"img-fluid modal-feat-im in-radius wp-post-image\" alt=\"\" srcset=\"https:\/\/neoair.com.br\/wp-content\/uploads\/2025\/04\/como-economizar-energia-ar-condicionado-scaled-1-800x450.jpg 800w, https:\/\/neoair.com.br\/wp-content\/uploads\/2025\/04\/como-economizar-energia-ar-condicionado-scaled-1-1220x686.jpg 1220w\" sizes=\"(max-width: 800px) 100vw, 800px\" \/>                                <\/div>\r\n                                                        <div class=\"news-details\">\r\n                                                                    <span class=\"date\">7 de abril de 2025<\/span>\r\n                                \r\n                                <h2 class=\"title\">Como economizar energia usando o ar-condicionado do jeito certo <\/h2>\r\n                                <p>Usar ar-condicionado n\u00e3o precisa ser sin\u00f4nimo de conta de luz alta. Com algumas boas pr\u00e1ticas, \u00e9 poss\u00edvel manter o ambiente climatizado com efici\u00eancia e economia.<\/p><h2 class=\"wp-block-heading\">1. Escolha a temperatura ideal<\/h2><p>Muita gente acha que quanto mais frio, melhor. Mas o ideal \u00e9 manter entre <strong>23\u00baC e 25\u00baC<\/strong> para conforto e menor consumo.<\/p><h2 class=\"wp-block-heading\">2. Use o modo &#8220;econ\u00f4mico&#8221; ou &#8220;sleep&#8221;<\/h2><p>Essas fun\u00e7\u00f5es ajustam automaticamente o consumo conforme a temperatura do ambiente. \u00d3timas para uso noturno ou prolongado.<\/p><h2 class=\"wp-block-heading\">3. Mantenha os filtros limpos<\/h2><p>Filtros sujos for\u00e7am o aparelho a trabalhar mais, gastando mais energia. A limpeza regular \u00e9 essencial.<\/p><h2 class=\"wp-block-heading\">4. Feche portas e janelas<\/h2><p>Evite a entrada de ar quente no ambiente. Ambientes bem isolados exigem menos do aparelho.<\/p><h2 class=\"wp-block-heading\">5. Proteja a unidade externa do sol<\/h2><p>Unidades externas sob sol direto podem superaquecer. Instalar em local coberto ajuda a preservar a performance.<\/p><p><strong>Com esses cuidados, voc\u00ea economiza energia e ainda aumenta a vida \u00fatil do seu equipamento.<\/strong><\/p><p><strong>Quer ajuda para deixar seu ar-condicionado mais eficiente? Fale com a NeoAir.<\/strong><\/p>                            <\/div>\r\n\r\n                        <\/div>\r\n                        <!-- End of .modal-body -->\r\n                    <\/div>\r\n                <\/div>\r\n            <\/div>\r\n\r\n            \r\n        <div data-aos=\"fade-up\" data-aos-duration=\"500\" data-aos-delay=\"400\" data-aos-once=\"true\"\r\n             class=\"rtin-item aos-init aos-animate col-lg-4 col-md-6 col-sm-6 col-12\">\r\n                        <div class=\"rn-blog post-card-only-popup\">\r\n                                    <div class=\"inner\">\r\n                                                    <div class=\"thumbnail\">\r\n                                                                    <a class=\"thumb-only-popup\" href=\"https:\/\/neoair.com.br\/?p=5496\"  data-toggle=\"modal\" data-target=\"#exampleModalCenters-1775478831112\">\r\n                                        <img decoding=\"async\" width=\"340\" height=\"250\" src=\"https:\/\/neoair.com.br\/wp-content\/uploads\/2025\/04\/5-erros-comum-na-instalacao-de-ar-condicionado-340x250.webp\" class=\"attachment-rainbow-thumbnail-sm size-rainbow-thumbnail-sm wp-post-image\" alt=\"\" \/>                                    <\/a>\r\n                                                            <\/div>\r\n                        \r\n                        <div class=\"content\">\r\n                                                            <div class=\"category-info\">\r\n                                                                             \r\n                                            <div class=\"category-list\">\r\n                                                                    <a href=\"https:\/\/neoair.com.br\/?cat=66\">Dicas<\/a>\r\n                                                                                    <\/div>\r\n                                          \r\n                                                                                                                <div class=\"meta\">\r\n                                            <span><i class=\"feather-clock\"><\/i> 2 min read<\/span>\r\n                                        <\/div>\r\n                                                                    <\/div>\r\n                                                        <h4 class=\"title\">\r\n                                                                    <a class=\"title-only-popup\" href=\"https:\/\/neoair.com.br\/?p=5496\"  data-toggle=\"modal\" data-target=\"#exampleModalCenters-1775478831112\">5 erros comuns na instala\u00e7\u00e3o de ar-condicionado (e como evit\u00e1-los) <i class=\"feather-arrow-up-right\"><\/i><\/a>\r\n                                                            <\/h4>\r\n                            \r\n                        <\/div>\r\n\r\n                    <\/div>\r\n                <\/div>\r\n            <\/div>\r\n\r\n\r\n\r\n\r\n            <!-- Modal Blog Body area Start -->\r\n            <div class=\"modal fade\" id=\"exampleModalCenters-1775478831112\" tabindex=\"-1\" role=\"dialog\"\r\n                 aria-hidden=\"true\">\r\n                <div class=\"modal-dialog modal-dialog-centered modal-news\" role=\"document\">\r\n                    <div class=\"modal-content\">\r\n                        <div class=\"modal-header\">\r\n                            <button type=\"button\" class=\"close\" data-dismiss=\"modal\" aria-label=\"Close\">\r\n                                <span aria-hidden=\"true\"> <i class=\"feather-x\"><\/i><\/span>\r\n                            <\/button>\r\n                        <\/div>\r\n                        <div class=\"modal-body\">\r\n                                                            <div class=\"post-thumbnail img-fluid modal-feat-im mb--30\">\r\n                                    <img loading=\"lazy\" decoding=\"async\" width=\"800\" height=\"450\" src=\"https:\/\/neoair.com.br\/wp-content\/uploads\/2025\/04\/5-erros-comum-na-instalacao-de-ar-condicionado-800x450.webp\" class=\"img-fluid modal-feat-im in-radius wp-post-image\" alt=\"\" \/>                                <\/div>\r\n                                                        <div class=\"news-details\">\r\n                                                                    <span class=\"date\">7 de abril de 2025<\/span>\r\n                                \r\n                                <h2 class=\"title\">5 erros comuns na instala\u00e7\u00e3o de ar-condicionado (e como evit\u00e1-los) <\/h2>\r\n                                <p>A instala\u00e7\u00e3o do ar-condicionado influencia diretamente na performance, no consumo e na vida \u00fatil do equipamento. Muitas falhas comuns podem ser evitadas com a ajuda de um t\u00e9cnico especializado.<\/p><h2 class=\"wp-block-heading\">1. Escolher a capacidade errada<\/h2><p>Instalar um aparelho fraco para um ambiente grande (ou vice-versa) compromete a efici\u00eancia. Sempre calcule corretamente os BTUs necess\u00e1rios para o c\u00f4modo.<\/p><h2 class=\"wp-block-heading\">2. Instalar em local inadequado<\/h2><p>Instalar o split em locais com incid\u00eancia solar direta, pr\u00f3ximo a fontes de calor ou mal ventilados prejudica o desempenho. A posi\u00e7\u00e3o do aparelho \u00e9 estrat\u00e9gica.<\/p><h2 class=\"wp-block-heading\">3. Drenagem mal feita<\/h2><p>Se o dreno n\u00e3o for instalado corretamente, h\u00e1 riscos de vazamentos e infiltra\u00e7\u00f5es. O escoamento da \u00e1gua deve ser livre e sem curvas excessivas.<\/p><h2 class=\"wp-block-heading\">4. Falta de v\u00e1cuo na instala\u00e7\u00e3o<\/h2><p>O v\u00e1cuo elimina umidade e ar do sistema. Pular essa etapa \u00e9 um erro grave e reduz a vida \u00fatil do compressor.<\/p><h2 class=\"wp-block-heading\">5. N\u00e3o contratar um profissional qualificado<\/h2><p>Instala\u00e7\u00f5es amadoras comprometem o equipamento, geram riscos el\u00e9tricos e podem at\u00e9 anular a garantia. Profissionalismo faz toda a diferen\u00e7a.<\/p><p><strong>Evite preju\u00edzos e dores de cabe\u00e7a. Agende sua instala\u00e7\u00e3o com a NeoAir e tenha tranquilidade desde o primeiro dia.<\/strong><\/p>                            <\/div>\r\n\r\n                        <\/div>\r\n                        <!-- End of .modal-body -->\r\n                    <\/div>\r\n                <\/div>\r\n            <\/div>\r\n\r\n            \r\n        <div data-aos=\"fade-up\" data-aos-duration=\"500\" data-aos-delay=\"400\" data-aos-once=\"true\"\r\n             class=\"rtin-item aos-init aos-animate col-lg-4 col-md-6 col-sm-6 col-12\">\r\n                        <div class=\"rn-blog post-card-only-popup\">\r\n                                    <div class=\"inner\">\r\n                                                    <div class=\"thumbnail\">\r\n                                                                    <a class=\"thumb-only-popup\" href=\"https:\/\/neoair.com.br\/?p=5493\"  data-toggle=\"modal\" data-target=\"#exampleModalCenters-1775478831113\">\r\n                                        <img loading=\"lazy\" decoding=\"async\" width=\"340\" height=\"250\" src=\"https:\/\/neoair.com.br\/wp-content\/uploads\/2025\/04\/porque-limpar-seu-ar-condicionado-a-cada-6-meses-340x250.jpg\" class=\"attachment-rainbow-thumbnail-sm size-rainbow-thumbnail-sm wp-post-image\" alt=\"\" \/>                                    <\/a>\r\n                                                            <\/div>\r\n                        \r\n                        <div class=\"content\">\r\n                                                            <div class=\"category-info\">\r\n                                                                             \r\n                                            <div class=\"category-list\">\r\n                                                                    <a href=\"https:\/\/neoair.com.br\/?cat=66\">Dicas<\/a>\r\n                                                                                    <\/div>\r\n                                          \r\n                                                                                                                <div class=\"meta\">\r\n                                            <span><i class=\"feather-clock\"><\/i> 2 min read<\/span>\r\n                                        <\/div>\r\n                                                                    <\/div>\r\n                                                        <h4 class=\"title\">\r\n                                                                    <a class=\"title-only-popup\" href=\"https:\/\/neoair.com.br\/?p=5493\"  data-toggle=\"modal\" data-target=\"#exampleModalCenters-1775478831113\">Por que limpar seu ar-condicionado a cada 6 meses? <i class=\"feather-arrow-up-right\"><\/i><\/a>\r\n                                                            <\/h4>\r\n                            \r\n                        <\/div>\r\n\r\n                    <\/div>\r\n                <\/div>\r\n            <\/div>\r\n\r\n\r\n\r\n\r\n            <!-- Modal Blog Body area Start -->\r\n            <div class=\"modal fade\" id=\"exampleModalCenters-1775478831113\" tabindex=\"-1\" role=\"dialog\"\r\n                 aria-hidden=\"true\">\r\n                <div class=\"modal-dialog modal-dialog-centered modal-news\" role=\"document\">\r\n                    <div class=\"modal-content\">\r\n                        <div class=\"modal-header\">\r\n                            <button type=\"button\" class=\"close\" data-dismiss=\"modal\" aria-label=\"Close\">\r\n                                <span aria-hidden=\"true\"> <i class=\"feather-x\"><\/i><\/span>\r\n                            <\/button>\r\n                        <\/div>\r\n                        <div class=\"modal-body\">\r\n                                                            <div class=\"post-thumbnail img-fluid modal-feat-im mb--30\">\r\n                                    <img loading=\"lazy\" decoding=\"async\" width=\"600\" height=\"450\" src=\"https:\/\/neoair.com.br\/wp-content\/uploads\/2025\/04\/porque-limpar-seu-ar-condicionado-a-cada-6-meses.jpg\" class=\"img-fluid modal-feat-im in-radius wp-post-image\" alt=\"\" srcset=\"https:\/\/neoair.com.br\/wp-content\/uploads\/2025\/04\/porque-limpar-seu-ar-condicionado-a-cada-6-meses.jpg 600w, https:\/\/neoair.com.br\/wp-content\/uploads\/2025\/04\/porque-limpar-seu-ar-condicionado-a-cada-6-meses-300x225.jpg 300w\" sizes=\"(max-width: 600px) 100vw, 600px\" \/>                                <\/div>\r\n                                                        <div class=\"news-details\">\r\n                                                                    <span class=\"date\">7 de abril de 2025<\/span>\r\n                                \r\n                                <h2 class=\"title\">Por que limpar seu ar-condicionado a cada 6 meses? <\/h2>\r\n                                <p>Se voc\u00ea utiliza ar-condicionado com frequ\u00eancia em casa ou no trabalho, provavelmente nem percebe o quanto ele influencia na sua sa\u00fade e no consumo de energia. A limpeza regular do aparelho, especialmente do tipo split, \u00e9 fundamental para garantir conforto, seguran\u00e7a e economia.<\/p><h2 class=\"wp-block-heading\">1. Qualidade do ar<\/h2><p>Com o tempo, poeira, \u00e1caros, fungos e bact\u00e9rias se acumulam nos filtros e serpentinas. Isso prejudica a qualidade do ar e pode causar alergias, problemas respirat\u00f3rios e odores desagrad\u00e1veis no ambiente.<\/p><h2 class=\"wp-block-heading\">2. Efici\u00eancia e consumo de energia<\/h2><p>Um ar-condicionado sujo precisa trabalhar mais para atingir a temperatura desejada. Isso significa maior consumo de energia el\u00e9trica e desgaste do equipamento. Com a limpeza em dia, o aparelho funciona com mais efici\u00eancia e economia.<\/p><h2 class=\"wp-block-heading\">3. Maior durabilidade<\/h2><p>A sujeira acumulada tamb\u00e9m acelera o desgaste de componentes internos. Limpar regularmente prolonga a vida \u00fatil do equipamento e reduz a necessidade de manuten\u00e7\u00f5es corretivas.<\/p><h2 class=\"wp-block-heading\">4. Evite surpresas no ver\u00e3o<\/h2><p>Muita gente s\u00f3 lembra do ar-condicionado quando chega o calor. Mas se o aparelho estiver sujo, pode falhar justamente quando voc\u00ea mais precisa. Manuten\u00e7\u00e3o preventiva evita imprevistos.<\/p><p><strong>Quando fazer a limpeza?<\/strong> O ideal \u00e9 realizar a limpeza a cada <strong>6 meses<\/strong>, ou menos se o uso for intenso (como em com\u00e9rcios ou ambientes com animais).<\/p><p><strong>Agende com a NeoAir e tenha seu ar limpo, seguro e eficiente o ano todo.<\/strong><\/p>                            <\/div>\r\n\r\n                        <\/div>\r\n                        <!-- End of .modal-body -->\r\n                    <\/div>\r\n                <\/div>\r\n            <\/div>\r\n\r\n                    <\/div>\r\n\r\n        \r\n    <\/div>\t\t\t\t<\/div>\n\t\t\t\t<\/div>\n\t\t\t\t\t<\/div>\n\t\t<\/div>\n\t\t\t\t\t<\/div>\n\t\t<\/section>\n\t\t\t\t<\/div>\n\t\t","protected":false},"excerpt":{"rendered":"<p>Development 4 min read The Best Ways to Do Market Research For Your Business Plan. August 12, 2022 The Best Ways to Do Market Research For Your Business Plan. There are many variations of passages of Lorem Ipsum available, but the majority have suffered alteration in some form, by injected humour, or randomised words which [&hellip;]<\/p>\n","protected":false},"author":1,"featured_media":0,"parent":0,"menu_order":0,"comment_status":"closed","ping_status":"closed","template":"elementor_header_footer","meta":{"_acf_changed":false,"footnotes":""},"class_list":["post-3782","page","type-page","status-publish","hentry"],"acf":[],"_links":{"self":[{"href":"https:\/\/neoair.com.br\/index.php?rest_route=\/wp\/v2\/pages\/3782","targetHints":{"allow":["GET"]}}],"collection":[{"href":"https:\/\/neoair.com.br\/index.php?rest_route=\/wp\/v2\/pages"}],"about":[{"href":"https:\/\/neoair.com.br\/index.php?rest_route=\/wp\/v2\/types\/page"}],"author":[{"embeddable":true,"href":"https:\/\/neoair.com.br\/index.php?rest_route=\/wp\/v2\/users\/1"}],"replies":[{"embeddable":true,"href":"https:\/\/neoair.com.br\/index.php?rest_route=%2Fwp%2Fv2%2Fcomments&post=3782"}],"version-history":[{"count":1,"href":"https:\/\/neoair.com.br\/index.php?rest_route=\/wp\/v2\/pages\/3782\/revisions"}],"predecessor-version":[{"id":5305,"href":"https:\/\/neoair.com.br\/index.php?rest_route=\/wp\/v2\/pages\/3782\/revisions\/5305"}],"wp:attachment":[{"href":"https:\/\/neoair.com.br\/index.php?rest_route=%2Fwp%2Fv2%2Fmedia&parent=3782"}],"curies":[{"name":"wp","href":"https:\/\/api.w.org\/{rel}","templated":true}]}}